{"id":23806,"date":"2023-07-05T21:33:56","date_gmt":"2023-07-05T21:33:56","guid":{"rendered":"https:\/\/seidenaripropiedades.com.ar\/home\/?page_id=23806"},"modified":"2023-07-06T17:15:48","modified_gmt":"2023-07-06T17:15:48","slug":"lotes","status":"publish","type":"page","link":"https:\/\/seidenaripropiedades.com.ar\/home\/lotes\/","title":{"rendered":"Lotes"},"content":{"rendered":"\t\t<div data-elementor-type=\"wp-page\" data-elementor-id=\"23806\" class=\"elementor elementor-23806\">\n\t\t\t\t\t\t<div class=\"elementor-inner\">\n\t\t\t\t<div class=\"elementor-section-wrap\">\n\t\t\t\t\t\t\t\t\t<section class=\"elementor-section elementor-top-section elementor-element elementor-element-0d3ca48 elementor-section-boxed elementor-section-height-default elementor-section-height-default\" data-id=\"0d3ca48\" data-element_type=\"section\">\n\t\t\t\t\t\t<div class=\"elementor-container elementor-column-gap-default\">\n\t\t\t\t\t\t\t<div class=\"elementor-row\">\n\t\t\t\t\t<div class=\"elementor-column elementor-col-100 elementor-top-column elementor-element elementor-element-67ae6b8\" data-id=\"67ae6b8\" data-element_type=\"column\">\n\t\t\t<div class=\"elementor-column-wrap elementor-element-populated\">\n\t\t\t\t\t\t\t<div class=\"elementor-widget-wrap\">\n\t\t\t\t\t\t<div class=\"elementor-element elementor-element-f047c54 elementor-widget elementor-widget-rhea-properties-widget\" data-id=\"f047c54\" data-element_type=\"widget\" data-widget_type=\"rhea-properties-widget.default\">\n\t\t\t\t<div class=\"elementor-widget-container\">\n\t\t\t        <section id=\"rh-f047c54\" class=\"rh_elementor_widget rh_latest-properties rhea_properties_default rhea_ele_property_ajax_target rhea_latest_properties_ajax elementor_properties_grid elementor_property_card_parent rhea_has_tooltip\">\n            \n<div class=\"container-latest-properties\">\n    <div class=\"wrapper-section-contents\">\n        <div class=\"home-properties-section-inner home-properties-section-inner-target\">\n\t\t\t                <div class=\"rh_properties_element rh_properties_pagination_append\">\n\t\t\t\t                    <div class=\"wrapper_properties_ele\">\n\n                        <article class=\"rh_prop_card_elementor\">\n\n                            <div class=\"rh_prop_card__wrap\">\n\n\t\t\t\t\t\t\t\t                                    <div class=\"rh_label_elementor rh_label__property_elementor\">\n                                        <div class=\"rh_label__wrap\">\n\t\t\t\t\t\t\t\t\t\t\tDestacado                                            <span><\/span>\n                                        <\/div>\n                                    <\/div>\n\t\t\t\t\t\t\t\t\n                                <figure class=\"rh_prop_card__thumbnail\">\n                                    <div class=\"rhea_figure_property_one\">\n                                        <div class=\"rhea_top_tags_box\">\n\t                                                                            <\/div>\n                                        <a href=\"https:\/\/seidenaripropiedades.com.ar\/home\/propiedad\/venta-lote-barrio-pampa-pilar\/\">\n\t\t\t\t\t\t\t\t\t\t\t<img width=\"488\" height=\"326\" src=\"https:\/\/seidenaripropiedades.com.ar\/wp-content\/uploads\/2026\/04\/WhatsApp-Image-2026-04-21-at-13.49.11-488x326.jpeg\" class=\"attachment-property-thumb-image size-property-thumb-image wp-post-image\" alt=\"\" loading=\"lazy\" srcset=\"https:\/\/seidenaripropiedades.com.ar\/wp-content\/uploads\/2026\/04\/WhatsApp-Image-2026-04-21-at-13.49.11-488x326.jpeg 488w, https:\/\/seidenaripropiedades.com.ar\/wp-content\/uploads\/2026\/04\/WhatsApp-Image-2026-04-21-at-13.49.11-1079x720.jpeg 1079w\" sizes=\"(max-width: 488px) 100vw, 488px\" \/>                                        <\/a>\n\n                                        <div class=\"rh_overlay\"><\/div>\n                                        <div class=\"rh_overlay__contents rh_overlay__fadeIn-bottom\">\n                                            <a href=\"https:\/\/seidenaripropiedades.com.ar\/home\/propiedad\/venta-lote-barrio-pampa-pilar\/\">Ver propiedad                                            <\/a>\n                                        <\/div>\n\t\t\t\t\t\t\t\t\t\t\n                                    <\/div>\n\n                                    <div class=\"rh_prop_card__btns\">\n\t\t\t\t\t\t\t\t\t\t                                    <\/div>\n                                <\/figure>\n\n                                <div class=\"rh_prop_card__details_elementor\">\n\n                                    <h3><a href=\"https:\/\/seidenaripropiedades.com.ar\/home\/propiedad\/venta-lote-barrio-pampa-pilar\/\">VENTA LOTE BARRIO PAMPA &#8211; PILAR<\/a><\/h3>\n\n\t\t\t\t\t\t\t\t\t\n                                    <div class=\"rh_prop_card__meta_wrap_elementor\">\n\n\t\t\t\t\t\t\t\t\t\t    <div class=\"rh_prop_card_meta_wrap_stylish\">\n\t\t            <div class=\"rh_prop_card__meta\">\n\t\t\t\t                    <span class=\"rhea_meta_titles\">\u00c1rea<\/span>\n\t\t\t\t\t                <div class=\"rhea_meta_icon_wrapper\">\n\t\t\t\t\t<svg class=\"rh_svg\" version=\"1.1\" xmlns=\"http:\/\/www.w3.org\/2000\/svg\" xmlns:xlink=\"http:\/\/www.w3.org\/1999\/xlink\" x=\"0px\" y=\"0px\"\n\t width=\"24px\" height=\"24px\" viewBox=\"0 0 24 24\" enable-background=\"new 0 0 24 24\" xml:space=\"preserve\">\n<g>\n\t<circle cx=\"2\" cy=\"2\" r=\"2\"\/>\n<\/g>\n<g>\n\t<circle cx=\"2\" cy=\"22\" r=\"2\"\/>\n<\/g>\n<g>\n\t<circle cx=\"22\" cy=\"2\" r=\"2\"\/>\n<\/g>\n<rect x=\"1\" y=\"1\" width=\"2\" height=\"22\"\/>\n<rect x=\"1\" y=\"1\" width=\"22\" height=\"2\"\/>\n<path opacity=\"0.5\" d=\"M23,20.277V1h-2v19.277C20.7,20.452,20.452,20.7,20.277,21H1v2h19.277c0.347,0.596,0.984,1,1.723,1\n\tc1.104,0,2-0.896,2-2C24,21.262,23.596,20.624,23,20.277z\"\/>\n<\/svg>\n                    <span class=\"figure\">375<\/span>\n\t\t\t\t\t                <\/div>\n            <\/div>\n\t\t\t    <\/div>\n\t\n                                    <\/div>\n\n                                    <div class=\"rh_prop_card__priceLabel \">\n                                        <div class=\"rhea_property_price_box\">\n                                            <span class=\"rh_prop_card__status\">\n                                                En Venta                                            <\/span>\n                                            <p class=\"rh_prop_card__price\">\n\t\t\t\t\t\t\t\t\t\t\t\tU$S 34,000                                             <\/p>\n\n                                        <\/div>\n\t\t\t\t\t\t\t\t\t\t                                    <\/div>\n\n                                <\/div>\n\n                            <\/div>\n\n                        <\/article>\n\n                    <\/div>\n\t\t\t\t\t                    <div class=\"wrapper_properties_ele\">\n\n                        <article class=\"rh_prop_card_elementor\">\n\n                            <div class=\"rh_prop_card__wrap\">\n\n\t\t\t\t\t\t\t\t                                    <div class=\"rh_label_elementor rh_label__property_elementor\">\n                                        <div class=\"rh_label__wrap\">\n\t\t\t\t\t\t\t\t\t\t\tDestacado                                            <span><\/span>\n                                        <\/div>\n                                    <\/div>\n\t\t\t\t\t\t\t\t\n                                <figure class=\"rh_prop_card__thumbnail\">\n                                    <div class=\"rhea_figure_property_one\">\n                                        <div class=\"rhea_top_tags_box\">\n\t                                                                            <\/div>\n                                        <a href=\"https:\/\/seidenaripropiedades.com.ar\/home\/propiedad\/lote-en-venta-village-joven-bella-vista\/\">\n\t\t\t\t\t\t\t\t\t\t\t<img width=\"488\" height=\"326\" src=\"https:\/\/seidenaripropiedades.com.ar\/wp-content\/uploads\/2026\/04\/WhatsApp-Image-2026-04-09-at-5.12.26-PM-488x326.jpeg\" class=\"attachment-property-thumb-image size-property-thumb-image wp-post-image\" alt=\"\" loading=\"lazy\" \/>                                        <\/a>\n\n                                        <div class=\"rh_overlay\"><\/div>\n                                        <div class=\"rh_overlay__contents rh_overlay__fadeIn-bottom\">\n                                            <a href=\"https:\/\/seidenaripropiedades.com.ar\/home\/propiedad\/lote-en-venta-village-joven-bella-vista\/\">Ver propiedad                                            <\/a>\n                                        <\/div>\n\t\t\t\t\t\t\t\t\t\t\n                                    <\/div>\n\n                                    <div class=\"rh_prop_card__btns\">\n\t\t\t\t\t\t\t\t\t\t                                    <\/div>\n                                <\/figure>\n\n                                <div class=\"rh_prop_card__details_elementor\">\n\n                                    <h3><a href=\"https:\/\/seidenaripropiedades.com.ar\/home\/propiedad\/lote-en-venta-village-joven-bella-vista\/\">LOTE EN VENTA VILLAGE JOVEN &#8211; BELLA VISTA<\/a><\/h3>\n\n\t\t\t\t\t\t\t\t\t\n                                    <div class=\"rh_prop_card__meta_wrap_elementor\">\n\n\t\t\t\t\t\t\t\t\t\t    <div class=\"rh_prop_card_meta_wrap_stylish\">\n\t\t            <div class=\"rh_prop_card__meta\">\n\t\t\t\t                    <span class=\"rhea_meta_titles\">\u00c1rea<\/span>\n\t\t\t\t\t                <div class=\"rhea_meta_icon_wrapper\">\n\t\t\t\t\t<svg class=\"rh_svg\" version=\"1.1\" xmlns=\"http:\/\/www.w3.org\/2000\/svg\" xmlns:xlink=\"http:\/\/www.w3.org\/1999\/xlink\" x=\"0px\" y=\"0px\"\n\t width=\"24px\" height=\"24px\" viewBox=\"0 0 24 24\" enable-background=\"new 0 0 24 24\" xml:space=\"preserve\">\n<g>\n\t<circle cx=\"2\" cy=\"2\" r=\"2\"\/>\n<\/g>\n<g>\n\t<circle cx=\"2\" cy=\"22\" r=\"2\"\/>\n<\/g>\n<g>\n\t<circle cx=\"22\" cy=\"2\" r=\"2\"\/>\n<\/g>\n<rect x=\"1\" y=\"1\" width=\"2\" height=\"22\"\/>\n<rect x=\"1\" y=\"1\" width=\"22\" height=\"2\"\/>\n<path opacity=\"0.5\" d=\"M23,20.277V1h-2v19.277C20.7,20.452,20.452,20.7,20.277,21H1v2h19.277c0.347,0.596,0.984,1,1.723,1\n\tc1.104,0,2-0.896,2-2C24,21.262,23.596,20.624,23,20.277z\"\/>\n<\/svg>\n                    <span class=\"figure\">652<\/span>\n\t\t\t\t\t                <\/div>\n            <\/div>\n\t\t\t    <\/div>\n\t\n                                    <\/div>\n\n                                    <div class=\"rh_prop_card__priceLabel \">\n                                        <div class=\"rhea_property_price_box\">\n                                            <span class=\"rh_prop_card__status\">\n                                                En Venta                                            <\/span>\n                                            <p class=\"rh_prop_card__price\">\n\t\t\t\t\t\t\t\t\t\t\t\tUSD 95,000                                             <\/p>\n\n                                        <\/div>\n\t\t\t\t\t\t\t\t\t\t                                    <\/div>\n\n                                <\/div>\n\n                            <\/div>\n\n                        <\/article>\n\n                    <\/div>\n\t\t\t\t\t                    <div class=\"wrapper_properties_ele\">\n\n                        <article class=\"rh_prop_card_elementor\">\n\n                            <div class=\"rh_prop_card__wrap\">\n\n\t\t\t\t\t\t\t\t                                    <div class=\"rh_label_elementor rh_label__property_elementor\">\n                                        <div class=\"rh_label__wrap\">\n\t\t\t\t\t\t\t\t\t\t\tDestacado                                            <span><\/span>\n                                        <\/div>\n                                    <\/div>\n\t\t\t\t\t\t\t\t\n                                <figure class=\"rh_prop_card__thumbnail\">\n                                    <div class=\"rhea_figure_property_one\">\n                                        <div class=\"rhea_top_tags_box\">\n\t                                                                            <\/div>\n                                        <a href=\"https:\/\/seidenaripropiedades.com.ar\/home\/propiedad\/venta-lote-jose-c-paz-2\/\">\n\t\t\t\t\t\t\t\t\t\t\t<img width=\"488\" height=\"326\" src=\"https:\/\/seidenaripropiedades.com.ar\/wp-content\/uploads\/2026\/03\/WhatsApp-Image-2026-03-07-at-10.47.07-3-488x326.jpeg\" class=\"attachment-property-thumb-image size-property-thumb-image wp-post-image\" alt=\"\" loading=\"lazy\" \/>                                        <\/a>\n\n                                        <div class=\"rh_overlay\"><\/div>\n                                        <div class=\"rh_overlay__contents rh_overlay__fadeIn-bottom\">\n                                            <a href=\"https:\/\/seidenaripropiedades.com.ar\/home\/propiedad\/venta-lote-jose-c-paz-2\/\">Ver propiedad                                            <\/a>\n                                        <\/div>\n\t\t\t\t\t\t\t\t\t\t\n                                    <\/div>\n\n                                    <div class=\"rh_prop_card__btns\">\n\t\t\t\t\t\t\t\t\t\t                                    <\/div>\n                                <\/figure>\n\n                                <div class=\"rh_prop_card__details_elementor\">\n\n                                    <h3><a href=\"https:\/\/seidenaripropiedades.com.ar\/home\/propiedad\/venta-lote-jose-c-paz-2\/\">VENTA LOTE &#8211; JOSE C. PAZ<\/a><\/h3>\n\n\t\t\t\t\t\t\t\t\t\n                                    <div class=\"rh_prop_card__meta_wrap_elementor\">\n\n\t\t\t\t\t\t\t\t\t\t    <div class=\"rh_prop_card_meta_wrap_stylish\">\n\t\t            <div class=\"rh_prop_card__meta\">\n\t\t\t\t                    <span class=\"rhea_meta_titles\">\u00c1rea<\/span>\n\t\t\t\t\t                <div class=\"rhea_meta_icon_wrapper\">\n\t\t\t\t\t<svg class=\"rh_svg\" version=\"1.1\" xmlns=\"http:\/\/www.w3.org\/2000\/svg\" xmlns:xlink=\"http:\/\/www.w3.org\/1999\/xlink\" x=\"0px\" y=\"0px\"\n\t width=\"24px\" height=\"24px\" viewBox=\"0 0 24 24\" enable-background=\"new 0 0 24 24\" xml:space=\"preserve\">\n<g>\n\t<circle cx=\"2\" cy=\"2\" r=\"2\"\/>\n<\/g>\n<g>\n\t<circle cx=\"2\" cy=\"22\" r=\"2\"\/>\n<\/g>\n<g>\n\t<circle cx=\"22\" cy=\"2\" r=\"2\"\/>\n<\/g>\n<rect x=\"1\" y=\"1\" width=\"2\" height=\"22\"\/>\n<rect x=\"1\" y=\"1\" width=\"22\" height=\"2\"\/>\n<path opacity=\"0.5\" d=\"M23,20.277V1h-2v19.277C20.7,20.452,20.452,20.7,20.277,21H1v2h19.277c0.347,0.596,0.984,1,1.723,1\n\tc1.104,0,2-0.896,2-2C24,21.262,23.596,20.624,23,20.277z\"\/>\n<\/svg>\n                    <span class=\"figure\">170<\/span>\n\t\t\t\t\t                <\/div>\n            <\/div>\n\t\t\t    <\/div>\n\t\n                                    <\/div>\n\n                                    <div class=\"rh_prop_card__priceLabel \">\n                                        <div class=\"rhea_property_price_box\">\n                                            <span class=\"rh_prop_card__status\">\n                                                En Venta                                            <\/span>\n                                            <p class=\"rh_prop_card__price\">\n\t\t\t\t\t\t\t\t\t\t\t\tU$S 25,000                                             <\/p>\n\n                                        <\/div>\n\t\t\t\t\t\t\t\t\t\t                                    <\/div>\n\n                                <\/div>\n\n                            <\/div>\n\n                        <\/article>\n\n                    <\/div>\n\t\t\t\t\t                <\/div>                <div class=\"rhea_svg_loader\">\n\t\t\t\t\t<svg xmlns=\"http:\/\/www.w3.org\/2000\/svg\" viewBox=\"0 0 32 32\" width=\"32\" height=\"32\" fill=\"#dedede\">\n  <path transform=\"translate(2)\" d=\"M0 12 V20 H4 V12z\"> \n    <animate attributeName=\"d\" values=\"M0 12 V20 H4 V12z; M0 4 V28 H4 V4z; M0 12 V20 H4 V12z; M0 12 V20 H4 V12z\" dur=\"1.2s\" repeatCount=\"indefinite\" begin=\"0\" keytimes=\"0;.2;.5;1\" keySplines=\"0.2 0.2 0.4 0.8;0.2 0.6 0.4 0.8;0.2 0.8 0.4 0.8\" calcMode=\"spline\"  \/>\n  <\/path>\n  <path transform=\"translate(8)\" d=\"M0 12 V20 H4 V12z\">\n    <animate attributeName=\"d\" values=\"M0 12 V20 H4 V12z; M0 4 V28 H4 V4z; M0 12 V20 H4 V12z; M0 12 V20 H4 V12z\" dur=\"1.2s\" repeatCount=\"indefinite\" begin=\"0.2\" keytimes=\"0;.2;.5;1\" keySplines=\"0.2 0.2 0.4 0.8;0.2 0.6 0.4 0.8;0.2 0.8 0.4 0.8\" calcMode=\"spline\"  \/>\n  <\/path>\n  <path transform=\"translate(14)\" d=\"M0 12 V20 H4 V12z\">\n    <animate attributeName=\"d\" values=\"M0 12 V20 H4 V12z; M0 4 V28 H4 V4z; M0 12 V20 H4 V12z; M0 12 V20 H4 V12z\" dur=\"1.2s\" repeatCount=\"indefinite\" begin=\"0.4\" keytimes=\"0;.2;.5;1\" keySplines=\"0.2 0.2 0.4 0.8;0.2 0.6 0.4 0.8;0.2 0.8 0.4 0.8\" calcMode=\"spline\" \/>\n  <\/path>\n  <path transform=\"translate(20)\" d=\"M0 12 V20 H4 V12z\">\n    <animate attributeName=\"d\" values=\"M0 12 V20 H4 V12z; M0 4 V28 H4 V4z; M0 12 V20 H4 V12z; M0 12 V20 H4 V12z\" dur=\"1.2s\" repeatCount=\"indefinite\" begin=\"0.6\" keytimes=\"0;.2;.5;1\" keySplines=\"0.2 0.2 0.4 0.8;0.2 0.6 0.4 0.8;0.2 0.8 0.4 0.8\" calcMode=\"spline\" \/>\n  <\/path>\n  <path transform=\"translate(26)\" d=\"M0 12 V20 H4 V12z\">\n    <animate attributeName=\"d\" values=\"M0 12 V20 H4 V12z; M0 4 V28 H4 V4z; M0 12 V20 H4 V12z; M0 12 V20 H4 V12z\" dur=\"1.2s\" repeatCount=\"indefinite\" begin=\"0.8\" keytimes=\"0;.2;.5;1\" keySplines=\"0.2 0.2 0.4 0.8;0.2 0.6 0.4 0.8;0.2 0.8 0.4 0.8\" calcMode=\"spline\" \/>\n  <\/path>\n<\/svg>\n                <\/div>\n\t\t\t\t<div class='rhea_pagination_wrapper'><div class='pagination rhea-pagination-clean'><a href='https:\/\/seidenaripropiedades.com.ar\/home\/wp-json\/wp\/v2\/pages\/23806' class='real-btn current' >1<\/a> <a href='https:\/\/seidenaripropiedades.com.ar\/home\/wp-json\/wp\/v2\/pages\/23806\/page\/2\/' class='real-btn' >2<\/a> <a href='https:\/\/seidenaripropiedades.com.ar\/home\/wp-json\/wp\/v2\/pages\/23806\/page\/3\/' class='real-btn' >3<\/a> <a href='https:\/\/seidenaripropiedades.com.ar\/home\/wp-json\/wp\/v2\/pages\/23806\/page\/4\/' class='real-btn' >4<\/a> <a href='https:\/\/seidenaripropiedades.com.ar\/home\/wp-json\/wp\/v2\/pages\/23806\/page\/2\/' class='real-btn'>Siguiente <\/a> <a href='https:\/\/seidenaripropiedades.com.ar\/home\/wp-json\/wp\/v2\/pages\/23806\/page\/11\/' class='real-btn'>\u00daltimo <\/a> <\/div><\/div>        <\/div>\n    <\/div>\n<\/div>\n<!-- \/.rh_prop_card -->\n        <\/section>\n\t\t\t\t<\/div>\n\t\t\t\t<\/div>\n\t\t\t\t\t\t<\/div>\n\t\t\t\t\t<\/div>\n\t\t<\/div>\n\t\t\t\t\t\t\t\t<\/div>\n\t\t\t\t\t<\/div>\n\t\t<\/section>\n\t\t\t\t\t\t\t\t\t<\/div>\n\t\t\t<\/div>\n\t\t\t\t\t<\/div>\n\t\t","protected":false},"excerpt":{"rendered":"<p>Destacado Ver propiedad VENTA LOTE BARRIO CERRADO &#8211; JOSE C. PAZ \u00c1rea 395 En Venta U$S 33,000 Destacado Ver propiedad LOTE EN VENTA &#8211; JOSE C. PAZ \u00c1rea 400 En Venta U$S 30,000 Ver propiedad VENTA LOTE &#8211; MALVINAS ARGENTINAS &#8211; \u00c1rea 920 En Venta U$S 115,000 120,000 1 2 3 4 Siguiente \u00daltimo<\/p>\n","protected":false},"author":1,"featured_media":0,"parent":0,"menu_order":0,"comment_status":"closed","ping_status":"closed","template":"templates\/full-width.php","meta":[],"yoast_head":"<!-- This site is optimized with the Yoast SEO plugin v14.7 - https:\/\/yoast.com\/wordpress\/plugins\/seo\/ -->\n<title>Lotes - Francisco Seidenari - Negocios Inmobiliarios<\/title>\n<meta name=\"robots\" content=\"index, follow\" \/>\n<meta name=\"googlebot\" content=\"index, follow, max-snippet:-1, max-image-preview:large, max-video-preview:-1\" \/>\n<meta name=\"bingbot\" content=\"index, follow, max-snippet:-1, max-image-preview:large, max-video-preview:-1\" \/>\n<link rel=\"canonical\" href=\"https:\/\/seidenaripropiedades.com.ar\/home\/lotes\/\" \/>\n<meta property=\"og:locale\" content=\"es_ES\" \/>\n<meta property=\"og:type\" content=\"article\" \/>\n<meta property=\"og:title\" content=\"Lotes - Francisco Seidenari - Negocios Inmobiliarios\" \/>\n<meta property=\"og:description\" content=\"Destacado Ver propiedad VENTA LOTE BARRIO CERRADO &#8211; JOSE C. PAZ \u00c1rea 395 En Venta U$S 33,000 Destacado Ver propiedad LOTE EN VENTA &#8211; JOSE C. PAZ \u00c1rea 400 En Venta U$S 30,000 Ver propiedad VENTA LOTE &#8211; MALVINAS ARGENTINAS &#8211; \u00c1rea 920 En Venta U$S 115,000 120,000 1 2 3 4 Siguiente \u00daltimo\" \/>\n<meta property=\"og:url\" content=\"https:\/\/seidenaripropiedades.com.ar\/home\/lotes\/\" \/>\n<meta property=\"og:site_name\" content=\"Francisco Seidenari - Negocios Inmobiliarios\" \/>\n<meta property=\"article:modified_time\" content=\"2023-07-06T17:15:48+00:00\" \/>\n<meta property=\"og:image\" content=\"https:\/\/seidenaripropiedades.com.ar\/wp-content\/uploads\/2023\/05\/WhatsApp-Image-2023-05-10-at-12.28.15-488x326.jpeg\" \/>\n<meta name=\"twitter:card\" content=\"summary_large_image\" \/>\n<script type=\"application\/ld+json\" class=\"yoast-schema-graph\">{\"@context\":\"https:\/\/schema.org\",\"@graph\":[{\"@type\":\"WebSite\",\"@id\":\"https:\/\/seidenaripropiedades.com.ar\/home\/#website\",\"url\":\"https:\/\/seidenaripropiedades.com.ar\/home\/\",\"name\":\"Francisco Seidenari - Negocios Inmobiliarios\",\"description\":\"Venta y Alquiler de Propiedades - Inmobiliaria - San Miguel, Buenos aires\",\"potentialAction\":[{\"@type\":\"SearchAction\",\"target\":\"https:\/\/seidenaripropiedades.com.ar\/home\/?s={search_term_string}\",\"query-input\":\"required name=search_term_string\"}],\"inLanguage\":\"es\"},{\"@type\":\"ImageObject\",\"@id\":\"https:\/\/seidenaripropiedades.com.ar\/home\/lotes\/#primaryimage\",\"inLanguage\":\"es\",\"url\":\"https:\/\/seidenaripropiedades.com.ar\/wp-content\/uploads\/2023\/05\/WhatsApp-Image-2023-05-10-at-12.28.15.jpeg\",\"width\":908,\"height\":1600},{\"@type\":\"WebPage\",\"@id\":\"https:\/\/seidenaripropiedades.com.ar\/home\/lotes\/#webpage\",\"url\":\"https:\/\/seidenaripropiedades.com.ar\/home\/lotes\/\",\"name\":\"Lotes - Francisco Seidenari - Negocios Inmobiliarios\",\"isPartOf\":{\"@id\":\"https:\/\/seidenaripropiedades.com.ar\/home\/#website\"},\"primaryImageOfPage\":{\"@id\":\"https:\/\/seidenaripropiedades.com.ar\/home\/lotes\/#primaryimage\"},\"datePublished\":\"2023-07-05T21:33:56+00:00\",\"dateModified\":\"2023-07-06T17:15:48+00:00\",\"inLanguage\":\"es\",\"potentialAction\":[{\"@type\":\"ReadAction\",\"target\":[\"https:\/\/seidenaripropiedades.com.ar\/home\/lotes\/\"]}]}]}<\/script>\n<!-- \/ Yoast SEO plugin. -->","_links":{"self":[{"href":"https:\/\/seidenaripropiedades.com.ar\/home\/wp-json\/wp\/v2\/pages\/23806"}],"collection":[{"href":"https:\/\/seidenaripropiedades.com.ar\/home\/wp-json\/wp\/v2\/pages"}],"about":[{"href":"https:\/\/seidenaripropiedades.com.ar\/home\/wp-json\/wp\/v2\/types\/page"}],"author":[{"embeddable":true,"href":"https:\/\/seidenaripropiedades.com.ar\/home\/wp-json\/wp\/v2\/users\/1"}],"replies":[{"embeddable":true,"href":"https:\/\/seidenaripropiedades.com.ar\/home\/wp-json\/wp\/v2\/comments?post=23806"}],"version-history":[{"count":12,"href":"https:\/\/seidenaripropiedades.com.ar\/home\/wp-json\/wp\/v2\/pages\/23806\/revisions"}],"predecessor-version":[{"id":23900,"href":"https:\/\/seidenaripropiedades.com.ar\/home\/wp-json\/wp\/v2\/pages\/23806\/revisions\/23900"}],"wp:attachment":[{"href":"https:\/\/seidenaripropiedades.com.ar\/home\/wp-json\/wp\/v2\/media?parent=23806"}],"curies":[{"name":"wp","href":"https:\/\/api.w.org\/{rel}","templated":true}]}}